{"id":2076,"date":"2022-06-07T09:35:55","date_gmt":"2022-06-07T12:35:55","guid":{"rendered":"https:\/\/www.asociacionbioquimicauruguaya.org\/?page_id=2076"},"modified":"2025-07-30T23:21:01","modified_gmt":"2025-07-31T02:21:01","slug":"convenios-2","status":"publish","type":"page","link":"https:\/\/www.asociacionbioquimicauruguaya.org\/?page_id=2076","title":{"rendered":"Convenios"},"content":{"rendered":"\n<div aria-label=\"Offset Gallery\" class=\"wp-block-coblocks-gallery-offset has-lightbox\"><ul class=\"coblocks-gallery has-no-alignment has-caption-style-light has-medium-images has-small-gutter\"><li class=\"coblocks-gallery--item\"><figure class=\"wp-block-coblocks-gallery-offset__figure\"><img loading=\"lazy\" width=\"428\" height=\"371\" src=\"https:\/\/www.asociacionbioquimicauruguaya.org\/wp-content\/uploads\/2019\/11\/Logo-Hotel-Artigas.jpg\" alt=\"\" data-id=\"1001\" data-imglink=\"\" data-link=\"https:\/\/www.asociacionbioquimicauruguaya.org\/?attachment_id=1001#main\" class=\"wp-image-1001\" srcset=\"https:\/\/www.asociacionbioquimicauruguaya.org\/wp-content\/uploads\/2019\/11\/Logo-Hotel-Artigas.jpg 428w, https:\/\/www.asociacionbioquimicauruguaya.org\/wp-content\/uploads\/2019\/11\/Logo-Hotel-Artigas-300x260.jpg 300w\" sizes=\"(max-width: 428px) 100vw, 428px\" \/><figcaption class=\"coblocks-gallery--caption\">Hotel Artigas-Minas de Corrales, ofrece el 20 % de descuento en sus tarifas. 10% de descuento en fechas especiales.<\/figcaption><\/figure><\/li><li class=\"coblocks-gallery--item\"><figure class=\"wp-block-coblocks-gallery-offset__figure\"><img loading=\"lazy\" width=\"222\" height=\"205\" src=\"https:\/\/www.asociacionbioquimicauruguaya.org\/wp-content\/uploads\/2018\/04\/unit200x200.png\" alt=\"\" data-id=\"312\" data-imglink=\"\" data-link=\"https:\/\/www.asociacionbioquimicauruguaya.org\/?attachment_id=312#main\" class=\"wp-image-312\"\/><figcaption class=\"coblocks-gallery--caption\">Descuentos en cursos, normas y libros.<\/figcaption><\/figure><\/li><li class=\"coblocks-gallery--item\"><figure class=\"wp-block-coblocks-gallery-offset__figure\"><img loading=\"lazy\" width=\"200\" height=\"200\" src=\"https:\/\/www.asociacionbioquimicauruguaya.org\/wp-content\/uploads\/2018\/04\/LSQA_300x300-e1524953405949.jpg\" alt=\"\" data-id=\"281\" data-imglink=\"\" data-link=\"https:\/\/www.asociacionbioquimicauruguaya.org\/?attachment_id=281#main\" class=\"wp-image-281\"\/><figcaption class=\"coblocks-gallery--caption\">25% de descuento en todos los cursos.<\/figcaption><\/figure><\/li><li class=\"coblocks-gallery--item\"><figure class=\"wp-block-coblocks-gallery-offset__figure\"><img loading=\"lazy\" width=\"222\" height=\"205\" src=\"https:\/\/www.asociacionbioquimicauruguaya.org\/wp-content\/uploads\/2018\/04\/aba200x200.png\" alt=\"\" data-id=\"294\" data-imglink=\"\" data-link=\"https:\/\/www.asociacionbioquimicauruguaya.org\/?attachment_id=294\" class=\"wp-image-294\"\/><figcaption class=\"coblocks-gallery--caption\">Descuentos como socios activos de ABA en cursos, seminarios y programas de actualizaci\u00f3n y capacitaci\u00f3n.<\/figcaption><\/figure><\/li><li class=\"coblocks-gallery--item\"><figure class=\"wp-block-coblocks-gallery-offset__figure\"><img loading=\"lazy\" width=\"1024\" height=\"707\" src=\"https:\/\/www.asociacionbioquimicauruguaya.org\/wp-content\/uploads\/2025\/07\/alcance-logo-compania-1024x707.jpg\" alt=\"Alcance\" data-id=\"2799\" data-imglink=\"\" data-link=\"https:\/\/www.asociacionbioquimicauruguaya.org\/?attachment_id=2799#main\" class=\"wp-image-2799\"\/><figcaption class=\"coblocks-gallery--caption\">10% de descuento a socios de ABU, padres e hijos.<\/figcaption><\/figure><\/li><li class=\"coblocks-gallery--item\"><figure class=\"wp-block-coblocks-gallery-offset__figure\"><img loading=\"lazy\" width=\"222\" height=\"205\" src=\"https:\/\/www.asociacionbioquimicauruguaya.org\/wp-content\/uploads\/2018\/04\/infodynamics200x200.png\" alt=\"\" data-id=\"295\" data-imglink=\"\" data-link=\"https:\/\/www.asociacionbioquimicauruguaya.org\/?attachment_id=295\" class=\"wp-image-295\"\/><figcaption class=\"coblocks-gallery--caption\">Descuento del 25% en sus cursos.<\/figcaption><\/figure><\/li><li class=\"coblocks-gallery--item\"><figure class=\"wp-block-coblocks-gallery-offset__figure\"><img loading=\"lazy\" width=\"222\" height=\"205\" src=\"https:\/\/www.asociacionbioquimicauruguaya.org\/wp-content\/uploads\/2018\/04\/brasilclub200x200.png\" alt=\"\" data-id=\"292\" data-imglink=\"\" data-link=\"https:\/\/www.asociacionbioquimicauruguaya.org\/?attachment_id=292\" class=\"wp-image-292\"\/><figcaption class=\"coblocks-gallery--caption\">Descuentos en cursos.<\/figcaption><\/figure><\/li><li class=\"coblocks-gallery--item\"><figure class=\"wp-block-coblocks-gallery-offset__figure\"><img loading=\"lazy\" width=\"222\" height=\"205\" src=\"https:\/\/www.asociacionbioquimicauruguaya.org\/wp-content\/uploads\/2018\/04\/mp200x200.png\" alt=\"\" data-id=\"297\" data-imglink=\"\" data-link=\"https:\/\/www.asociacionbioquimicauruguaya.org\/?attachment_id=297\" class=\"wp-image-297\"\/><figcaption class=\"coblocks-gallery--caption\">Consulte por nuestro convenio.<\/figcaption><\/figure><\/li><li class=\"coblocks-gallery--item\"><figure class=\"wp-block-coblocks-gallery-offset__figure\"><img loading=\"lazy\" width=\"222\" height=\"205\" src=\"https:\/\/www.asociacionbioquimicauruguaya.org\/wp-content\/uploads\/2018\/04\/skaphia200x200.png\" alt=\"\" data-id=\"296\" data-imglink=\"\" data-link=\"https:\/\/www.asociacionbioquimicauruguaya.org\/?attachment_id=296\" class=\"wp-image-296\"\/><figcaption class=\"coblocks-gallery--caption\">Descuento del 10% en sus cursos.<\/figcaption><\/figure><\/li><li class=\"coblocks-gallery--item\"><figure class=\"wp-block-coblocks-gallery-offset__figure\"><img loading=\"lazy\" width=\"222\" height=\"205\" src=\"https:\/\/www.asociacionbioquimicauruguaya.org\/wp-content\/uploads\/2018\/04\/hotelesplendor200x200.png\" alt=\"\" data-id=\"300\" data-imglink=\"\" data-link=\"https:\/\/www.asociacionbioquimicauruguaya.org\/?attachment_id=300\" class=\"wp-image-300\"\/><figcaption class=\"coblocks-gallery--caption\">Consulte por nuestro convenio.<\/figcaption><\/figure><\/li><li class=\"coblocks-gallery--item\"><figure class=\"wp-block-coblocks-gallery-offset__figure\"><img loading=\"lazy\" width=\"222\" height=\"205\" src=\"https:\/\/www.asociacionbioquimicauruguaya.org\/wp-content\/uploads\/2018\/04\/contable200x200-1.png\" alt=\"\" data-id=\"314\" data-imglink=\"\" data-link=\"https:\/\/www.asociacionbioquimicauruguaya.org\/?attachment_id=314#main\" class=\"wp-image-314\"\/><figcaption class=\"coblocks-gallery--caption\">Servicio de Estudio Contable (costo bimensual de $ 950): C\u00e1lculo bimestral de IVA C\u00e1lculo bimestral de IRPF Pago de estos impuestos C\u00e1lculo mensual de FONASA y pago Declaraci\u00f3n anual de IRPF Declaraci\u00f3n anual de IVA Declaraci\u00f3n anual de FONASA Gesti\u00f3n anual de Certificados<\/figcaption><\/figure><\/li><li class=\"coblocks-gallery--item\"><figure class=\"wp-block-coblocks-gallery-offset__figure\"><img loading=\"lazy\" width=\"222\" height=\"205\" src=\"https:\/\/www.asociacionbioquimicauruguaya.org\/wp-content\/uploads\/2018\/04\/hoteldazzler200x200.png\" alt=\"\" data-id=\"299\" data-imglink=\"\" data-link=\"https:\/\/www.asociacionbioquimicauruguaya.org\/?attachment_id=299\" class=\"wp-image-299\"\/><figcaption class=\"coblocks-gallery--caption\">Consulte por nuestro convenio.<\/figcaption><\/figure><\/li><li class=\"coblocks-gallery--item\"><figure class=\"wp-block-coblocks-gallery-offset__figure\"><img loading=\"lazy\" width=\"222\" height=\"205\" src=\"https:\/\/www.asociacionbioquimicauruguaya.org\/wp-content\/uploads\/2018\/04\/timbo200x200.png\" alt=\"\" data-id=\"303\" data-imglink=\"\" data-link=\"https:\/\/www.asociacionbioquimicauruguaya.org\/?attachment_id=303\" class=\"wp-image-303\"\/><figcaption class=\"coblocks-gallery--caption\">Acceso a art\u00edculos cient\u00edficos.<\/figcaption><\/figure><\/li><li class=\"coblocks-gallery--item\"><figure class=\"wp-block-coblocks-gallery-offset__figure\"><img loading=\"lazy\" width=\"394\" height=\"387\" src=\"https:\/\/www.asociacionbioquimicauruguaya.org\/wp-content\/uploads\/2019\/08\/bagu-hoteles.jpg\" alt=\"\" data-id=\"974\" data-imglink=\"\" data-link=\"https:\/\/www.asociacionbioquimicauruguaya.org\/?attachment_id=974#main\" class=\"wp-image-974\" srcset=\"https:\/\/www.asociacionbioquimicauruguaya.org\/wp-content\/uploads\/2019\/08\/bagu-hoteles.jpg 394w, https:\/\/www.asociacionbioquimicauruguaya.org\/wp-content\/uploads\/2019\/08\/bagu-hoteles-300x295.jpg 300w\" sizes=\"(max-width: 394px) 100vw, 394px\" \/><figcaption class=\"coblocks-gallery--caption\">Servicio de Estudio Contable (costo bimensual de $ 950): C\u00e1lculo bimestral de IVA C\u00e1lculo bimestral de IRPF Pago de estos impuestos C\u00e1lculo mensual de FONASA y pago Declaraci\u00f3n anual de IRPF Declaraci\u00f3n anual de IVA Declaraci\u00f3n anual de FONASA Gesti\u00f3n anual de Certificados<\/figcaption><\/figure><\/li><li class=\"coblocks-gallery--item\"><figure class=\"wp-block-coblocks-gallery-offset__figure\"><img loading=\"lazy\" width=\"222\" height=\"205\" src=\"https:\/\/www.asociacionbioquimicauruguaya.org\/wp-content\/uploads\/2018\/04\/trecho200x200.png\" alt=\"\" data-id=\"302\" data-imglink=\"\" data-link=\"https:\/\/www.asociacionbioquimicauruguaya.org\/?attachment_id=302\" class=\"wp-image-302\"\/><figcaption class=\"coblocks-gallery--caption\">12% de descuento en la compra de libros t\u00e9cnicos.<\/figcaption><\/figure><\/li><li class=\"coblocks-gallery--item\"><figure class=\"wp-block-coblocks-gallery-offset__figure\"><img loading=\"lazy\" width=\"465\" height=\"450\" src=\"https:\/\/www.asociacionbioquimicauruguaya.org\/wp-content\/uploads\/2019\/11\/Rochester-hotels.jpg\" alt=\"\" data-id=\"1004\" data-imglink=\"\" data-link=\"https:\/\/www.asociacionbioquimicauruguaya.org\/?attachment_id=1004#main\" class=\"wp-image-1004\" srcset=\"https:\/\/www.asociacionbioquimicauruguaya.org\/wp-content\/uploads\/2019\/11\/Rochester-hotels.jpg 465w, https:\/\/www.asociacionbioquimicauruguaya.org\/wp-content\/uploads\/2019\/11\/Rochester-hotels-300x290.jpg 300w\" sizes=\"(max-width: 465px) 100vw, 465px\" \/><figcaption class=\"coblocks-gallery--caption\">Rochester Hotels. Consultar descuentos en &#115;&#x65;&#x63;&#114;&#x65;&#x74;&#97;&#x72;&#x69;&#97;&#x2e;&#x61;&#98;&#x75;&#x40;&#103;&#x6d;&#x61;&#105;&#x6c;&#x2e;&#99;&#x6f;&#x6d;<\/figcaption><\/figure><\/li><li class=\"coblocks-gallery--item\"><figure class=\"wp-block-coblocks-gallery-offset__figure\"><img loading=\"lazy\" width=\"250\" height=\"93\" src=\"https:\/\/www.asociacionbioquimicauruguaya.org\/wp-content\/uploads\/2019\/11\/logo-genus.jpg\" alt=\"\" data-id=\"1011\" data-imglink=\"\" data-link=\"https:\/\/www.asociacionbioquimicauruguaya.org\/?attachment_id=1011#main\" class=\"wp-image-1011\"\/><figcaption class=\"coblocks-gallery--caption\">10% de descuento en: cursos presenciales, cursos online, asesor\u00eda y consultor\u00eda.\n<\/figcaption><\/figure><\/li><li class=\"coblocks-gallery--item\"><figure class=\"wp-block-coblocks-gallery-offset__figure\"><img loading=\"lazy\" width=\"466\" height=\"188\" src=\"https:\/\/www.asociacionbioquimicauruguaya.org\/wp-content\/uploads\/2022\/06\/ieem-logo-blanco.jpg\" alt=\"\" data-id=\"2103\" data-imglink=\"\" data-link=\"https:\/\/www.asociacionbioquimicauruguaya.org\/?attachment_id=2103#main\" class=\"wp-image-2103\" srcset=\"https:\/\/www.asociacionbioquimicauruguaya.org\/wp-content\/uploads\/2022\/06\/ieem-logo-blanco.jpg 466w, https:\/\/www.asociacionbioquimicauruguaya.org\/wp-content\/uploads\/2022\/06\/ieem-logo-blanco-300x121.jpg 300w\" sizes=\"(max-width: 466px) 100vw, 466px\" \/><figcaption class=\"coblocks-gallery--caption\">IEEM Escuela de Negocios, Universidad de Montevideo<\/figcaption><\/figure><\/li><li class=\"coblocks-gallery--item\"><figure class=\"wp-block-coblocks-gallery-offset__figure\"><img loading=\"lazy\" width=\"1024\" height=\"376\" src=\"https:\/\/www.asociacionbioquimicauruguaya.org\/wp-content\/uploads\/2023\/04\/image-1024x376.png\" alt=\"\" data-id=\"2315\" data-imglink=\"\" data-link=\"https:\/\/www.asociacionbioquimicauruguaya.org\/?attachment_id=2315#main\" class=\"wp-image-2315\" srcset=\"https:\/\/www.asociacionbioquimicauruguaya.org\/wp-content\/uploads\/2023\/04\/image-1024x376.png 1024w, https:\/\/www.asociacionbioquimicauruguaya.org\/wp-content\/uploads\/2023\/04\/image-300x110.png 300w, https:\/\/www.asociacionbioquimicauruguaya.org\/wp-content\/uploads\/2023\/04\/image-768x282.png 768w, https:\/\/www.asociacionbioquimicauruguaya.org\/wp-content\/uploads\/2023\/04\/image.png 1459w\" sizes=\"(max-width: 1024px) 100vw, 1024px\" \/><figcaption class=\"coblocks-gallery--caption\">Descuentos exclusivos en productos y servicios, incluyendo ex\u00e1menes visuales, lentes oft\u00e1lmicos, lentes de contacto, monturas y accesorios. <\/figcaption><\/figure><\/li><li class=\"coblocks-gallery--item\"><figure class=\"wp-block-coblocks-gallery-offset__figure\"><img loading=\"lazy\" width=\"1024\" height=\"1024\" src=\"https:\/\/www.asociacionbioquimicauruguaya.org\/wp-content\/uploads\/2024\/01\/Logo-Consultorios-Oftalmolo\u0301gicos-1024x1024.jpeg\" alt=\"\" data-id=\"2546\" data-imglink=\"\" data-link=\"https:\/\/www.asociacionbioquimicauruguaya.org\/?attachment_id=2546#main\" class=\"wp-image-2546\" srcset=\"https:\/\/www.asociacionbioquimicauruguaya.org\/wp-content\/uploads\/2024\/01\/Logo-Consultorios-Oftalmolo\u0301gicos-1024x1024.jpeg 1024w, https:\/\/www.asociacionbioquimicauruguaya.org\/wp-content\/uploads\/2024\/01\/Logo-Consultorios-Oftalmolo\u0301gicos-300x300.jpeg 300w, https:\/\/www.asociacionbioquimicauruguaya.org\/wp-content\/uploads\/2024\/01\/Logo-Consultorios-Oftalmolo\u0301gicos-150x150.jpeg 150w, https:\/\/www.asociacionbioquimicauruguaya.org\/wp-content\/uploads\/2024\/01\/Logo-Consultorios-Oftalmolo\u0301gicos-768x768.jpeg 768w, https:\/\/www.asociacionbioquimicauruguaya.org\/wp-content\/uploads\/2024\/01\/Logo-Consultorios-Oftalmolo\u0301gicos-1536x1536.jpeg 1536w, https:\/\/www.asociacionbioquimicauruguaya.org\/wp-content\/uploads\/2024\/01\/Logo-Consultorios-Oftalmolo\u0301gicos.jpeg 1600w\" sizes=\"(max-width: 1024px) 100vw, 1024px\" \/><figcaption class=\"coblocks-gallery--caption\">Consultorios Oftalmol\u00f3gicos Centro \u2022 Aliados \u2022 Las Piedras<\/figcaption><\/figure><\/li><\/ul><\/div>\n\n\n\n<p>Para acceder a los beneficios antes mencionados, se deber\u00e1 &nbsp;solicitar comprobante de pago de la \u00faltima cuota social a&nbsp;<a href=\"&#x6d;a&#x69;l&#x74;&#111;&#x3a;&#115;e&#x63;r&#x65;&#116;&#x61;&#114;&#x69;&#97;&#46;&#x61;b&#x75;&#64;&#x67;&#109;&#x61;&#x69;l&#x2e;c&#x6f;&#109;\">&#x73;&#101;&#x63;&#114;e&#x74;&#97;r&#x69;&#97;&#x2e;&#x61;b&#x75;&#64;g&#x6d;&#97;&#x69;&#x6c;&#46;&#x63;&#111;m<\/a>, as\u00ed como documento de identidad.<br>En el caso de familiares, deber\u00e1n presentar adem\u00e1s, documentaci\u00f3n que lo acredite.<\/p>\n","protected":false},"excerpt":{"rendered":"<p>Para acceder a los beneficios antes mencionados, se deber\u00e1 &nbsp;solicitar comprobante de pago de la \u00faltima cuota social a&nbsp;&#x73;&#x65;&#x63;&#x72;&#101;&#116;&#97;ri&#x61;&#x2e;&#x61;&#x62;&#x75;&#64;&#103;&#109;ai&#x6c;&#x2e;&#x63;&#x6f;&#x6d;, as\u00ed como documento de identidad.En el caso de familiares, deber\u00e1n presentar adem\u00e1s, documentaci\u00f3n que lo acredite.<\/p>\n","protected":false},"author":1,"featured_media":0,"parent":0,"menu_order":0,"comment_status":"closed","ping_status":"closed","template":"","meta":{"_coblocks_attr":"","_coblocks_dimensions":"","_coblocks_responsive_height":"","_coblocks_accordion_ie_support":""},"_links":{"self":[{"href":"https:\/\/www.asociacionbioquimicauruguaya.org\/index.php?rest_route=\/wp\/v2\/pages\/2076"}],"collection":[{"href":"https:\/\/www.asociacionbioquimicauruguaya.org\/index.php?rest_route=\/wp\/v2\/pages"}],"about":[{"href":"https:\/\/www.asociacionbioquimicauruguaya.org\/index.php?rest_route=\/wp\/v2\/types\/page"}],"author":[{"embeddable":true,"href":"https:\/\/www.asociacionbioquimicauruguaya.org\/index.php?rest_route=\/wp\/v2\/users\/1"}],"replies":[{"embeddable":true,"href":"https:\/\/www.asociacionbioquimicauruguaya.org\/index.php?rest_route=%2Fwp%2Fv2%2Fcomments&post=2076"}],"version-history":[{"count":0,"href":"https:\/\/www.asociacionbioquimicauruguaya.org\/index.php?rest_route=\/wp\/v2\/pages\/2076\/revisions"}],"wp:attachment":[{"href":"https:\/\/www.asociacionbioquimicauruguaya.org\/index.php?rest_route=%2Fwp%2Fv2%2Fmedia&parent=2076"}],"curies":[{"name":"wp","href":"https:\/\/api.w.org\/{rel}","templated":true}]}}