{"id":2666,"date":"2025-01-28T23:16:10","date_gmt":"2025-01-29T02:16:10","guid":{"rendered":"https:\/\/www.asociacionbioquimicauruguaya.org\/?page_id=2666"},"modified":"2025-02-06T19:58:15","modified_gmt":"2025-02-06T22:58:15","slug":"oportunidades-laborales","status":"publish","type":"page","link":"https:\/\/www.asociacionbioquimicauruguaya.org\/?page_id=2666","title":{"rendered":"Oportunidades Laborales ABU"},"content":{"rendered":"\n<p>Conectamos profesionales bioqu\u00edmicos con empresas y laboratorios. Nuestro objetivo es facilitar la b\u00fasqueda de empleo y talento especializado en el sector bioqu\u00edmico.<\/p>\n\n\n\n<p>\u00bfC\u00f3mo Funciona?<\/p>\n\n\n\n<ul><li><strong>Para profesionales:<\/strong> Registra tu CV y destaca tus habilidades para acceder a oportunidades laborales exclusivas.<\/li><li><strong>Para empresas y laboratorios:<\/strong> Encuentra expertos en \u00e1reas espec\u00edficas y establece contacto directo con los mejores candidatos profesionales bioqu\u00edmicos.<\/li><\/ul>\n\n\n\n<p><strong><a href=\"https:\/\/abu-cv-submission.vercel.app\/\" target=\"_blank\" rel=\"noreferrer noopener\">Accede al formulario aqu\u00ed \u2192<\/a><\/strong><\/p>\n\n\n\n<p><em>A continuaci\u00f3n, te mostramos el listado actualizado de oportunidades laborales y perfiles disponibles:<\/em><\/p>\n\n\n\n<div class=\"form-container\">\n  <iframe src=\"https:\/\/abu-cv-submission.vercel.app\" id=\"form-iframe\" style=\"border: none; width: 100%; height: auto; min-height: 900px;\" scrolling=\"yes\" onload=\"resizeIframe(this)\">\n  <\/iframe>\n<\/div>\n\n<style>\n\n.form-container {\n    max-width: 1200px;\n    margin: 0 auto;\n    overflow: hidden;\n    position: relative;\n}\n\n\n#form-iframe {\n    width: 100%;\n    height: auto;\n    min-height: 900px; \n    transition: height 0.3s ease;\n}\n\n@media screen and (max-width: 768px) {\n    #form-iframe {\n        min-height: 1000px;\n    }\n}\n\n@media screen and (max-width: 480px) {\n    #form-iframe {\n        min-height: 1200px;\n    }\n}\n<\/style>\n\n<script>\nfunction resizeIframe(iframe) {\n    try {\n        const innerHeight = iframe.contentWindow.document.body.scrollHeight;\n        iframe.style.height = innerHeight + 'px';\n    } catch (error) {\n        console.warn(\"No se pudo acceder al contenido del iframe debido a pol\u00edticas de seguridad.\");\n        iframe.style.height = window.innerWidth < 480 ? '1200px' : '800px';\n    }\n}\n\nwindow.addEventListener('resize', () => {\n    const iframe = document.getElementById('form-iframe');\n    if (iframe) resizeIframe(iframe);\n});\n<\/script>\n","protected":false},"excerpt":{"rendered":"<p>Conectamos profesionales bioqu\u00edmicos con empresas y laboratorios. Nuestro objetivo es facilitar la b\u00fasqueda de empleo y talento especializado en el sector bioqu\u00edmico. \u00bfC\u00f3mo Funciona? Para profesionales: Registra tu CV y destaca tus habilidades para acceder a oportunidades laborales exclusivas. Para empresas y laboratorios: Encuentra expertos en \u00e1reas espec\u00edficas y establece contacto directo con los mejores &#8230; <a title=\"Oportunidades Laborales ABU\" class=\"read-more\" href=\"https:\/\/www.asociacionbioquimicauruguaya.org\/?page_id=2666\" aria-label=\"M\u00e1s en Oportunidades Laborales ABU\">Leer m\u00e1s<\/a><\/p>\n","protected":false},"author":1,"featured_media":0,"parent":0,"menu_order":0,"comment_status":"closed","ping_status":"closed","template":"","meta":{"_coblocks_attr":"","_coblocks_dimensions":"","_coblocks_responsive_height":"","_coblocks_accordion_ie_support":""},"_links":{"self":[{"href":"https:\/\/www.asociacionbioquimicauruguaya.org\/index.php?rest_route=\/wp\/v2\/pages\/2666"}],"collection":[{"href":"https:\/\/www.asociacionbioquimicauruguaya.org\/index.php?rest_route=\/wp\/v2\/pages"}],"about":[{"href":"https:\/\/www.asociacionbioquimicauruguaya.org\/index.php?rest_route=\/wp\/v2\/types\/page"}],"author":[{"embeddable":true,"href":"https:\/\/www.asociacionbioquimicauruguaya.org\/index.php?rest_route=\/wp\/v2\/users\/1"}],"replies":[{"embeddable":true,"href":"https:\/\/www.asociacionbioquimicauruguaya.org\/index.php?rest_route=%2Fwp%2Fv2%2Fcomments&post=2666"}],"version-history":[{"count":0,"href":"https:\/\/www.asociacionbioquimicauruguaya.org\/index.php?rest_route=\/wp\/v2\/pages\/2666\/revisions"}],"wp:attachment":[{"href":"https:\/\/www.asociacionbioquimicauruguaya.org\/index.php?rest_route=%2Fwp%2Fv2%2Fmedia&parent=2666"}],"curies":[{"name":"wp","href":"https:\/\/api.w.org\/{rel}","templated":true}]}}